{"id":1504,"date":"2020-11-14T21:38:34","date_gmt":"2020-11-14T21:38:34","guid":{"rendered":"http:\/\/tokoglu.com.tr\/?page_id=1504"},"modified":"2024-09-26T19:11:18","modified_gmt":"2024-09-26T19:11:18","slug":"danismanlik-2","status":"publish","type":"page","link":"https:\/\/tokoglu.com.tr\/index.php\/danismanlik-2\/","title":{"rendered":"\u0130ss Dan\u0131\u015fmanl\u0131\u011f\u0131"},"content":{"rendered":"<p style=\"text-align: justify;\">\n<p style=\"text-align: justify;\">\n","protected":false},"excerpt":{"rendered":"","protected":false},"author":1,"featured_media":0,"parent":0,"menu_order":0,"comment_status":"closed","ping_status":"closed","template":"","meta":{"footnotes":""},"class_list":["post-1504","page","type-page","status-publish","hentry"],"_links":{"self":[{"href":"https:\/\/tokoglu.com.tr\/index.php\/wp-json\/wp\/v2\/pages\/1504","targetHints":{"allow":["GET"]}}],"collection":[{"href":"https:\/\/tokoglu.com.tr\/index.php\/wp-json\/wp\/v2\/pages"}],"about":[{"href":"https:\/\/tokoglu.com.tr\/index.php\/wp-json\/wp\/v2\/types\/page"}],"author":[{"embeddable":true,"href":"https:\/\/tokoglu.com.tr\/index.php\/wp-json\/wp\/v2\/users\/1"}],"replies":[{"embeddable":true,"href":"https:\/\/tokoglu.com.tr\/index.php\/wp-json\/wp\/v2\/comments?post=1504"}],"version-history":[{"count":1,"href":"https:\/\/tokoglu.com.tr\/index.php\/wp-json\/wp\/v2\/pages\/1504\/revisions"}],"predecessor-version":[{"id":1652,"href":"https:\/\/tokoglu.com.tr\/index.php\/wp-json\/wp\/v2\/pages\/1504\/revisions\/1652"}],"wp:attachment":[{"href":"https:\/\/tokoglu.com.tr\/index.php\/wp-json\/wp\/v2\/media?parent=1504"}],"curies":[{"name":"wp","href":"https:\/\/api.w.org\/{rel}","templated":true}]}}