{"id":1510,"date":"2020-11-14T21:41:30","date_gmt":"2020-11-14T21:41:30","guid":{"rendered":"http:\/\/tokoglu.com.tr\/?page_id=1510"},"modified":"2020-11-14T21:41:30","modified_gmt":"2020-11-14T21:41:30","slug":"sanal-ag-vpn","status":"publish","type":"page","link":"https:\/\/tokoglu.com.tr\/index.php\/sanal-ag-vpn\/","title":{"rendered":"Sanal A\u011f (vpn)"},"content":{"rendered":"<p><img loading=\"lazy\" decoding=\"async\" src=\"http:\/\/tokoglu.com.tr\/wp-content\/uploads\/2020\/11\/vpn.png\" alt=\"\" width=\"259\" height=\"194\" \/>Firman\u0131z\u0131n \u00fclke \u00e7ap\u0131na yay\u0131lm\u0131\u015f uzak noktalar\u0131nda yer alan ofisleriniz (b\u00f6lge ofisleri, mobil \/sabit acentalar\u0131, sat\u0131\u015f temsilcileri), aras\u0131nda, MPLS VPN (Virtual Private Network &#8211; Sanal \u00d6zel A\u011f) hizmetleri ile g\u00fcvenli ve h\u0131zl\u0131 bir \u015fekilde haberle\u015fme sa\u011flayabilirsiniz.<\/p>\n<p>\u00a0<\/p>\n<p>VPN (\u00d6zel Sanal A\u011f) \u00c7\u00f6z\u00fcmleri<\/p>\n<p>\u2022Uzak ofislerinizden, \u015firket merkezine g\u00fcvenli ve h\u0131zl\u0131 \u015fekilde ba\u011flant\u0131<\/p>\n<p>Uzak noktalardan firma merkezinize ba\u011flant\u0131 i\u00e7in TokNet\u2019in \u00fclke geneline yay\u0131lm\u0131\u015f g\u00fc\u00e7l\u00fc omurgas\u0131 ve sahibi olarak kendi i\u015fletti\u011fi POP noktalar\u0131 \u00fczerinden tan\u0131mlanan \u00f6zel bir t\u00fcnel sayesinde, her t\u00fcrl\u00fc veri al\u0131\u015fveri\u015finizi y\u00fcksek h\u0131zda g\u00fcvenli bir ortamda ger\u00e7ekle\u015ftirebilirsiniz.<\/p>\n<p>\u2022Firman\u0131z\u0131n ihtiyac\u0131na uygun MPLS VPN \u00e7\u00f6z\u00fcmleri<\/p>\n<p>Firman\u0131z\u0131n ihtiya\u00e7lar\u0131na g\u00f6re, uzak noktalar\u0131n merkeze eri\u015fimi ve\/veya kendi aras\u0131ndaki haberle\u015fmeleri kiral\u0131k hat VPN, dialup VPN (VPDN) ve\/veya VPNMobile \u00e7\u00f6z\u00fcmleri ile sa\u011flanabilmektedir.<\/p>\n<p>\u2022Kurumsal \u0130nternet Eri\u015fimi ile VPN<\/p>\n<p>Firman\u0131z\u0131n merkezi ve y\u00fcksek eri\u015fim ihtiyac\u0131na sahip uzak noktalar\u0131 (b\u00f6lge m\u00fcd\u00fcrl\u00fckleri, acentalar\u0131) TokNet&#8217;in \u00fclke geneline yay\u0131lm\u0131\u015f g\u00fc\u00e7l\u00fc omurgas\u0131na data hatlar\u0131 ile ba\u011flanarak d\u00fc\u015f\u00fck maliyet ve y\u00fcksek kalitede kendi aralar\u0131ndaki ileti\u015fimi sa\u011flarken, internet eri\u015fimine de sahip olabilir.<\/p>\n<p>\u2022VPNmobile<\/p>\n<p>\u00a0<\/p>\n<p>VPNmobile servisi ile, mobil durumdaki \u00e7al\u0131\u015fanlar\u0131n\u0131z, GSM operat\u00f6r\u00fcn\u00fcz\u00fcn sa\u011flad\u0131\u011f\u0131 GPRS servisi arac\u0131l\u0131\u011f\u0131yla, TokNet omurgas\u0131 \u00fczerinden \u015firket a\u011f\u0131n\u0131za g\u00fcvenli ve hesapl\u0131 eri\u015fim sa\u011flayabilirler.<\/p>\n<p>\u00a0<\/p>\n<p>Firma \u00e7al\u0131\u015fanlar\u0131n\u0131z, VPNmobile ile, TokNet Veri Merkezi&#8217;nde ya da kendi ofisinizde yer alan \u015firket sunucular\u0131na g\u00fcvenli \u015fekilde eri\u015fim sa\u011flayabilir ve internete ba\u011flanabilir.<\/p>\n<p>\u00a0<\/p>\n<p>VPN (\u00d6zel Sanal A\u011f) Avantajlar\u0131<\/p>\n<p>\u2022Veri servisi ile birlikte, yat\u0131r\u0131m maliyetine katlanmadan, ses ve internet eri\u015fimi imkan\u0131<\/p>\n<p style=\"text-align: justify;\">\u2022Servis seviyesi s\u00f6zle\u015fmeleri dahilinde servis garantisi<\/p>\n","protected":false},"excerpt":{"rendered":"<p>Firman\u0131z\u0131n \u00fclke \u00e7ap\u0131na yay\u0131lm\u0131\u015f uzak noktalar\u0131nda yer alan ofisleriniz (b\u00f6lge ofisleri, mobil \/sabit acentalar\u0131, sat\u0131\u015f temsilcileri), aras\u0131nda, MPLS VPN (Virtual Private Network &#8211; Sanal \u00d6zel A\u011f)<span class=\"excerpt-hellip\"> [\u2026]<\/span><\/p>\n","protected":false},"author":1,"featured_media":0,"parent":0,"menu_order":0,"comment_status":"closed","ping_status":"closed","template":"template-parts\/template-page-builders.php","meta":{"footnotes":""},"class_list":["post-1510","page","type-page","status-publish","hentry"],"_links":{"self":[{"href":"https:\/\/tokoglu.com.tr\/index.php\/wp-json\/wp\/v2\/pages\/1510","targetHints":{"allow":["GET"]}}],"collection":[{"href":"https:\/\/tokoglu.com.tr\/index.php\/wp-json\/wp\/v2\/pages"}],"about":[{"href":"https:\/\/tokoglu.com.tr\/index.php\/wp-json\/wp\/v2\/types\/page"}],"author":[{"embeddable":true,"href":"https:\/\/tokoglu.com.tr\/index.php\/wp-json\/wp\/v2\/users\/1"}],"replies":[{"embeddable":true,"href":"https:\/\/tokoglu.com.tr\/index.php\/wp-json\/wp\/v2\/comments?post=1510"}],"version-history":[{"count":0,"href":"https:\/\/tokoglu.com.tr\/index.php\/wp-json\/wp\/v2\/pages\/1510\/revisions"}],"wp:attachment":[{"href":"https:\/\/tokoglu.com.tr\/index.php\/wp-json\/wp\/v2\/media?parent=1510"}],"curies":[{"name":"wp","href":"https:\/\/api.w.org\/{rel}","templated":true}]}}