{"id":1581,"date":"2020-11-16T16:14:15","date_gmt":"2020-11-16T16:14:15","guid":{"rendered":"http:\/\/tokoglu.com.tr\/?page_id=1581"},"modified":"2024-09-27T05:37:08","modified_gmt":"2024-09-27T05:37:08","slug":"otel-internet-cozumleri","status":"publish","type":"page","link":"https:\/\/tokoglu.com.tr\/index.php\/otel-internet-cozumleri\/","title":{"rendered":"Otel \u0130nternet \u00c7\u00f6z\u00fcmleri"},"content":{"rendered":"","protected":false},"excerpt":{"rendered":"","protected":false},"author":1,"featured_media":1658,"parent":0,"menu_order":0,"comment_status":"closed","ping_status":"closed","template":"","meta":{"footnotes":""},"class_list":["post-1581","page","type-page","status-publish","has-post-thumbnail","hentry"],"_links":{"self":[{"href":"https:\/\/tokoglu.com.tr\/index.php\/wp-json\/wp\/v2\/pages\/1581","targetHints":{"allow":["GET"]}}],"collection":[{"href":"https:\/\/tokoglu.com.tr\/index.php\/wp-json\/wp\/v2\/pages"}],"about":[{"href":"https:\/\/tokoglu.com.tr\/index.php\/wp-json\/wp\/v2\/types\/page"}],"author":[{"embeddable":true,"href":"https:\/\/tokoglu.com.tr\/index.php\/wp-json\/wp\/v2\/users\/1"}],"replies":[{"embeddable":true,"href":"https:\/\/tokoglu.com.tr\/index.php\/wp-json\/wp\/v2\/comments?post=1581"}],"version-history":[{"count":1,"href":"https:\/\/tokoglu.com.tr\/index.php\/wp-json\/wp\/v2\/pages\/1581\/revisions"}],"predecessor-version":[{"id":1657,"href":"https:\/\/tokoglu.com.tr\/index.php\/wp-json\/wp\/v2\/pages\/1581\/revisions\/1657"}],"wp:featuredmedia":[{"embeddable":true,"href":"https:\/\/tokoglu.com.tr\/index.php\/wp-json\/wp\/v2\/media\/1658"}],"wp:attachment":[{"href":"https:\/\/tokoglu.com.tr\/index.php\/wp-json\/wp\/v2\/media?parent=1581"}],"curies":[{"name":"wp","href":"https:\/\/api.w.org\/{rel}","templated":true}]}}