{"id":1626,"date":"2024-09-24T12:20:22","date_gmt":"2024-09-24T12:20:22","guid":{"rendered":"http:\/\/tokoglu.com.tr\/?page_id=1626"},"modified":"2024-09-30T09:47:11","modified_gmt":"2024-09-30T09:47:11","slug":"fiber-optik-sistemleri","status":"publish","type":"page","link":"https:\/\/tokoglu.com.tr\/index.php\/fiber-optik-sistemleri\/","title":{"rendered":"Fiber altyap\u0131 \u00e7\u00f6z\u00fcmleri"},"content":{"rendered":"","protected":false},"excerpt":{"rendered":"","protected":false},"author":1,"featured_media":0,"parent":0,"menu_order":0,"comment_status":"closed","ping_status":"closed","template":"","meta":{"footnotes":""},"class_list":["post-1626","page","type-page","status-publish","hentry"],"_links":{"self":[{"href":"https:\/\/tokoglu.com.tr\/index.php\/wp-json\/wp\/v2\/pages\/1626","targetHints":{"allow":["GET"]}}],"collection":[{"href":"https:\/\/tokoglu.com.tr\/index.php\/wp-json\/wp\/v2\/pages"}],"about":[{"href":"https:\/\/tokoglu.com.tr\/index.php\/wp-json\/wp\/v2\/types\/page"}],"author":[{"embeddable":true,"href":"https:\/\/tokoglu.com.tr\/index.php\/wp-json\/wp\/v2\/users\/1"}],"replies":[{"embeddable":true,"href":"https:\/\/tokoglu.com.tr\/index.php\/wp-json\/wp\/v2\/comments?post=1626"}],"version-history":[{"count":5,"href":"https:\/\/tokoglu.com.tr\/index.php\/wp-json\/wp\/v2\/pages\/1626\/revisions"}],"predecessor-version":[{"id":1681,"href":"https:\/\/tokoglu.com.tr\/index.php\/wp-json\/wp\/v2\/pages\/1626\/revisions\/1681"}],"wp:attachment":[{"href":"https:\/\/tokoglu.com.tr\/index.php\/wp-json\/wp\/v2\/media?parent=1626"}],"curies":[{"name":"wp","href":"https:\/\/api.w.org\/{rel}","templated":true}]}}