{"id":1674,"date":"2024-09-27T06:42:03","date_gmt":"2024-09-27T06:42:03","guid":{"rendered":"http:\/\/tokoglu.com.tr\/?page_id=1674"},"modified":"2024-09-27T06:44:06","modified_gmt":"2024-09-27T06:44:06","slug":"iptal-iade-sartlari","status":"publish","type":"page","link":"https:\/\/tokoglu.com.tr\/index.php\/iptal-iade-sartlari\/","title":{"rendered":"\u0130ptal \u0130ade \u015eartlar\u0131"},"content":{"rendered":"","protected":false},"excerpt":{"rendered":"","protected":false},"author":1,"featured_media":0,"parent":0,"menu_order":0,"comment_status":"closed","ping_status":"closed","template":"","meta":{"footnotes":""},"class_list":["post-1674","page","type-page","status-publish","hentry"],"_links":{"self":[{"href":"https:\/\/tokoglu.com.tr\/index.php\/wp-json\/wp\/v2\/pages\/1674","targetHints":{"allow":["GET"]}}],"collection":[{"href":"https:\/\/tokoglu.com.tr\/index.php\/wp-json\/wp\/v2\/pages"}],"about":[{"href":"https:\/\/tokoglu.com.tr\/index.php\/wp-json\/wp\/v2\/types\/page"}],"author":[{"embeddable":true,"href":"https:\/\/tokoglu.com.tr\/index.php\/wp-json\/wp\/v2\/users\/1"}],"replies":[{"embeddable":true,"href":"https:\/\/tokoglu.com.tr\/index.php\/wp-json\/wp\/v2\/comments?post=1674"}],"version-history":[{"count":1,"href":"https:\/\/tokoglu.com.tr\/index.php\/wp-json\/wp\/v2\/pages\/1674\/revisions"}],"predecessor-version":[{"id":1676,"href":"https:\/\/tokoglu.com.tr\/index.php\/wp-json\/wp\/v2\/pages\/1674\/revisions\/1676"}],"wp:attachment":[{"href":"https:\/\/tokoglu.com.tr\/index.php\/wp-json\/wp\/v2\/media?parent=1674"}],"curies":[{"name":"wp","href":"https:\/\/api.w.org\/{rel}","templated":true}]}}